{"id":9078,"date":"2020-06-30T15:54:35","date_gmt":"2020-06-30T15:54:35","guid":{"rendered":"https:\/\/agilegrow.com\/merci\/"},"modified":"2023-06-22T16:49:42","modified_gmt":"2023-06-22T16:49:42","slug":"merci","status":"publish","type":"page","link":"https:\/\/agilegrow.com\/fr\/merci\/","title":{"rendered":"Merci."},"content":{"rendered":"\t\t<div data-elementor-type=\"wp-page\" data-elementor-id=\"9078\" class=\"elementor elementor-9078 elementor-6222\" data-elementor-settings=\"[]\">\n\t\t\t\t\t\t<div class=\"elementor-inner\">\n\t\t\t\t\t\t\t<div class=\"elementor-section-wrap\">\n\t\t\t\t\t\t\t<section class=\"elementor-section elementor-top-section elementor-element elementor-element-45f832c4 elementor-section-height-min-height elementor-section-content-middle elementor-section-boxed elementor-section-height-default elementor-section-items-middle\" data-id=\"45f832c4\" data-element_type=\"section\" data-settings=\"{&quot;background_background&quot;:&quot;classic&quot;}\">\n\t\t\t\t\t\t\t<div class=\"elementor-background-overlay\"><\/div>\n\t\t\t\t\t\t\t<div class=\"elementor-container elementor-column-gap-default\">\n\t\t\t\t\t\t\t<div class=\"elementor-row\">\n\t\t\t\t\t<div class=\"elementor-column elementor-col-100 elementor-top-column elementor-element elementor-element-2fd7c7a7\" data-id=\"2fd7c7a7\" data-element_type=\"column\">\n\t\t\t<div class=\"elementor-column-wrap elementor-element-populated\">\n\t\t\t\t\t\t\t<div class=\"elementor-widget-wrap\">\n\t\t\t\t\t\t<div class=\"elementor-element elementor-element-6ad2fecf elementor-widget elementor-widget-heading\" data-id=\"6ad2fecf\" data-element_type=\"widget\" data-widget_type=\"heading.default\">\n\t\t\t\t<div class=\"elementor-widget-container\">\n\t\t\t<h1 class=\"elementor-heading-title elementor-size-large\">Merci de nous avoir tendu la main.<\/h1>\t\t<\/div>\n\t\t\t\t<\/div>\n\t\t\t\t<div class=\"elementor-element elementor-element-16d61fe1 elementor-widget elementor-widget-text-editor\" data-id=\"16d61fe1\" data-element_type=\"widget\" data-widget_type=\"text-editor.default\">\n\t\t\t\t<div class=\"elementor-widget-container\">\n\t\t\t\t\t\t\t\t<div class=\"elementor-text-editor elementor-clearfix\">\n\t\t\t\t<p><span>Nous avons bien re\u00e7u votre demande, un de nos sp\u00e9cialistes en marketing num\u00e9rique prendra contact avec vous.<\/span><\/p>\n<p><strong>Si vous avez besoin d&#8217;une r\u00e9ponse rapide, appelez-nous :<\/strong><br \/><strong>Num\u00e9ro gratuit : (844) 927 0777<\/strong><\/p>\n\t\t\t\t\t<\/div>\n\t\t\t\t\t\t<\/div>\n\t\t\t\t<\/div>\n\t\t\t\t\t\t<\/div>\n\t\t\t\t\t<\/div>\n\t\t<\/div>\n\t\t\t\t\t\t\t\t<\/div>\n\t\t\t\t\t<\/div>\n\t\t<\/section>\n\t\t\t\t\t\t<\/div>\n\t\t\t\t\t\t<\/div>\n\t\t\t\t\t<\/div>\n\t\t","protected":false},"excerpt":{"rendered":"<p>Merci de nous avoir tendu la main. Nous avons bien re\u00e7u votre demande, un de nos sp\u00e9cialistes en marketing num\u00e9rique prendra contact avec vous. Si vous avez besoin d&#8217;une r\u00e9ponse rapide, appelez-nous :Num\u00e9ro gratuit : (844) 927 0777<\/p>\n","protected":false},"author":3,"featured_media":0,"parent":0,"menu_order":0,"comment_status":"closed","ping_status":"closed","template":"","meta":{"footnotes":""},"yoast_head":"<!-- This site is optimized with the Yoast SEO plugin v22.8 - https:\/\/yoast.com\/wordpress\/plugins\/seo\/ -->\n<title>Merci. - AgileGrow<\/title>\n<meta name=\"robots\" content=\"index, follow, max-snippet:-1, max-image-preview:large, max-video-preview:-1\" \/>\n<link rel=\"canonical\" href=\"https:\/\/agilegrow.com\/fr\/merci\/\" \/>\n<meta property=\"og:locale\" content=\"fr_FR\" \/>\n<meta property=\"og:type\" content=\"article\" \/>\n<meta property=\"og:title\" content=\"Merci. - AgileGrow\" \/>\n<meta property=\"og:description\" content=\"Merci de nous avoir tendu la main. Nous avons bien re\u00e7u votre demande, un de nos sp\u00e9cialistes en marketing num\u00e9rique prendra contact avec vous. Si vous avez besoin d&#8217;une r\u00e9ponse rapide, appelez-nous :Num\u00e9ro gratuit : (844) 927 0777\" \/>\n<meta property=\"og:url\" content=\"https:\/\/agilegrow.com\/fr\/merci\/\" \/>\n<meta property=\"og:site_name\" content=\"AgileGrow\" \/>\n<meta property=\"article:modified_time\" content=\"2023-06-22T16:49:42+00:00\" \/>\n<meta name=\"twitter:card\" content=\"summary_large_image\" \/>\n<script type=\"application\/ld+json\" class=\"yoast-schema-graph\">{\"@context\":\"https:\/\/schema.org\",\"@graph\":[{\"@type\":\"WebPage\",\"@id\":\"https:\/\/agilegrow.com\/fr\/merci\/\",\"url\":\"https:\/\/agilegrow.com\/fr\/merci\/\",\"name\":\"Merci. - AgileGrow\",\"isPartOf\":{\"@id\":\"https:\/\/agilegrow.com\/fr\/#website\"},\"datePublished\":\"2020-06-30T15:54:35+00:00\",\"dateModified\":\"2023-06-22T16:49:42+00:00\",\"breadcrumb\":{\"@id\":\"https:\/\/agilegrow.com\/fr\/merci\/#breadcrumb\"},\"inLanguage\":\"fr-FR\",\"potentialAction\":[{\"@type\":\"ReadAction\",\"target\":[\"https:\/\/agilegrow.com\/fr\/merci\/\"]}]},{\"@type\":\"BreadcrumbList\",\"@id\":\"https:\/\/agilegrow.com\/fr\/merci\/#breadcrumb\",\"itemListElement\":[{\"@type\":\"ListItem\",\"position\":1,\"name\":\"Home\",\"item\":\"https:\/\/agilegrow.com\/fr\/\"},{\"@type\":\"ListItem\",\"position\":2,\"name\":\"Merci.\"}]},{\"@type\":\"WebSite\",\"@id\":\"https:\/\/agilegrow.com\/fr\/#website\",\"url\":\"https:\/\/agilegrow.com\/fr\/\",\"name\":\"AgileGrow\",\"description\":\"SEO Services Canada: Search Engine Optimization Company | AgileGrow\",\"potentialAction\":[{\"@type\":\"SearchAction\",\"target\":{\"@type\":\"EntryPoint\",\"urlTemplate\":\"https:\/\/agilegrow.com\/fr\/?s={search_term_string}\"},\"query-input\":\"required name=search_term_string\"}],\"inLanguage\":\"fr-FR\"}]}<\/script>\n<!-- \/ Yoast SEO plugin. -->","yoast_head_json":{"title":"Merci. - AgileGrow","robots":{"index":"index","follow":"follow","max-snippet":"max-snippet:-1","max-image-preview":"max-image-preview:large","max-video-preview":"max-video-preview:-1"},"canonical":"https:\/\/agilegrow.com\/fr\/merci\/","og_locale":"fr_FR","og_type":"article","og_title":"Merci. - AgileGrow","og_description":"Merci de nous avoir tendu la main. Nous avons bien re\u00e7u votre demande, un de nos sp\u00e9cialistes en marketing num\u00e9rique prendra contact avec vous. Si vous avez besoin d&#8217;une r\u00e9ponse rapide, appelez-nous :Num\u00e9ro gratuit : (844) 927 0777","og_url":"https:\/\/agilegrow.com\/fr\/merci\/","og_site_name":"AgileGrow","article_modified_time":"2023-06-22T16:49:42+00:00","twitter_card":"summary_large_image","schema":{"@context":"https:\/\/schema.org","@graph":[{"@type":"WebPage","@id":"https:\/\/agilegrow.com\/fr\/merci\/","url":"https:\/\/agilegrow.com\/fr\/merci\/","name":"Merci. - AgileGrow","isPartOf":{"@id":"https:\/\/agilegrow.com\/fr\/#website"},"datePublished":"2020-06-30T15:54:35+00:00","dateModified":"2023-06-22T16:49:42+00:00","breadcrumb":{"@id":"https:\/\/agilegrow.com\/fr\/merci\/#breadcrumb"},"inLanguage":"fr-FR","potentialAction":[{"@type":"ReadAction","target":["https:\/\/agilegrow.com\/fr\/merci\/"]}]},{"@type":"BreadcrumbList","@id":"https:\/\/agilegrow.com\/fr\/merci\/#breadcrumb","itemListElement":[{"@type":"ListItem","position":1,"name":"Home","item":"https:\/\/agilegrow.com\/fr\/"},{"@type":"ListItem","position":2,"name":"Merci."}]},{"@type":"WebSite","@id":"https:\/\/agilegrow.com\/fr\/#website","url":"https:\/\/agilegrow.com\/fr\/","name":"AgileGrow","description":"SEO Services Canada: Search Engine Optimization Company | AgileGrow","potentialAction":[{"@type":"SearchAction","target":{"@type":"EntryPoint","urlTemplate":"https:\/\/agilegrow.com\/fr\/?s={search_term_string}"},"query-input":"required name=search_term_string"}],"inLanguage":"fr-FR"}]}},"_links":{"self":[{"href":"https:\/\/agilegrow.com\/fr\/wp-json\/wp\/v2\/pages\/9078"}],"collection":[{"href":"https:\/\/agilegrow.com\/fr\/wp-json\/wp\/v2\/pages"}],"about":[{"href":"https:\/\/agilegrow.com\/fr\/wp-json\/wp\/v2\/types\/page"}],"author":[{"embeddable":true,"href":"https:\/\/agilegrow.com\/fr\/wp-json\/wp\/v2\/users\/3"}],"replies":[{"embeddable":true,"href":"https:\/\/agilegrow.com\/fr\/wp-json\/wp\/v2\/comments?post=9078"}],"version-history":[{"count":7,"href":"https:\/\/agilegrow.com\/fr\/wp-json\/wp\/v2\/pages\/9078\/revisions"}],"predecessor-version":[{"id":9146,"href":"https:\/\/agilegrow.com\/fr\/wp-json\/wp\/v2\/pages\/9078\/revisions\/9146"}],"wp:attachment":[{"href":"https:\/\/agilegrow.com\/fr\/wp-json\/wp\/v2\/media?parent=9078"}],"curies":[{"name":"wp","href":"https:\/\/api.w.org\/{rel}","templated":true}]}}